{"id":727,"date":"2025-04-24T16:19:18","date_gmt":"2025-04-24T14:19:18","guid":{"rendered":"https:\/\/galvanotecnica-alghisi.com\/index.php\/unsere-produkte\/"},"modified":"2025-06-09T19:02:08","modified_gmt":"2025-06-09T17:02:08","slug":"unsere-produkte","status":"publish","type":"page","link":"https:\/\/galvanotecnica-alghisi.com\/index.php\/unsere-produkte\/?lang=de","title":{"rendered":"Produkte"},"content":{"rendered":"\n<h3 class=\"wp-block-heading\">Unsere galvanischen Behandlungen<\/h3>\n\n<p class=\"ticss-5d87d51e\">Galvanotecnica Alghisi s.a.s. f\u00fchrt galvanische Behandlungen und T\u00f6ne nach Ma\u00df durch. Wir stehen Ihnen f\u00fcr Tests an Musterst\u00fccken zur Verf\u00fcgung.<\/p>\n\n<p>Um die besten Ergebnisse zu erzielen, sollte die empfohlene Menge f\u00fcr jeden Eimer 15 kg betragen.Wir empfehlen unseren Kunden, unseren Firmensitz zu besuchen, um die tats\u00e4chlichen T\u00f6ne unserer galvanischen Behandlungen zu sehen. Wir k\u00f6nnen jedoch auch Behandlungen mit einer geringeren Menge durchf\u00fchren.<\/p>\n\n<p>Alle unsere Behandlungen sind <em>nickelfrei <\/em>und entsprechen somit den REACH-Normen.<\/p>\n\n<figure class=\"wp-block-gallery alignwide has-nested-images columns-default is-cropped wp-block-gallery-1 is-layout-flex wp-block-gallery-is-layout-flex\">\n<figure class=\"wp-block-image size-large\"><img loading=\"lazy\" decoding=\"async\" width=\"956\" height=\"538\" data-id=\"32\" src=\"https:\/\/galvanotecnica-alghisi.com\/wp-content\/uploads\/2025\/04\/Argento-america-zapponato.jpg\" alt=\"\" class=\"wp-image-32\" srcset=\"https:\/\/galvanotecnica-alghisi.com\/wp-content\/uploads\/2025\/04\/Argento-america-zapponato.jpg 956w, https:\/\/galvanotecnica-alghisi.com\/wp-content\/uploads\/2025\/04\/Argento-america-zapponato-300x169.jpg 300w, https:\/\/galvanotecnica-alghisi.com\/wp-content\/uploads\/2025\/04\/Argento-america-zapponato-768x432.jpg 768w\" sizes=\"auto, (max-width: 956px) 100vw, 956px\" \/><figcaption class=\"wp-element-caption\">Amerikanisches Silber &#8211; beschichtet<\/figcaption><\/figure>\n\n\n\n<figure class=\"wp-block-image size-large\"><img loading=\"lazy\" decoding=\"async\" width=\"956\" height=\"538\" data-id=\"34\" src=\"https:\/\/galvanotecnica-alghisi.com\/wp-content\/uploads\/2025\/04\/Argento-rame-zapponato-2.jpg\" alt=\"\" class=\"wp-image-34\" srcset=\"https:\/\/galvanotecnica-alghisi.com\/wp-content\/uploads\/2025\/04\/Argento-rame-zapponato-2.jpg 956w, https:\/\/galvanotecnica-alghisi.com\/wp-content\/uploads\/2025\/04\/Argento-rame-zapponato-2-300x169.jpg 300w, https:\/\/galvanotecnica-alghisi.com\/wp-content\/uploads\/2025\/04\/Argento-rame-zapponato-2-768x432.jpg 768w\" sizes=\"auto, (max-width: 956px) 100vw, 956px\" \/><figcaption class=\"wp-element-caption\">Silber-Kupfer &#8211; beschichtet<\/figcaption><\/figure>\n\n\n\n<figure class=\"wp-block-image size-large\"><img loading=\"lazy\" decoding=\"async\" width=\"956\" height=\"538\" data-id=\"35\" src=\"https:\/\/galvanotecnica-alghisi.com\/wp-content\/uploads\/2025\/04\/Argento-vecchio-zapponato.jpg\" alt=\"\" class=\"wp-image-35\" srcset=\"https:\/\/galvanotecnica-alghisi.com\/wp-content\/uploads\/2025\/04\/Argento-vecchio-zapponato.jpg 956w, https:\/\/galvanotecnica-alghisi.com\/wp-content\/uploads\/2025\/04\/Argento-vecchio-zapponato-300x169.jpg 300w, https:\/\/galvanotecnica-alghisi.com\/wp-content\/uploads\/2025\/04\/Argento-vecchio-zapponato-768x432.jpg 768w\" sizes=\"auto, (max-width: 956px) 100vw, 956px\" \/><figcaption class=\"wp-element-caption\">Altsilber &#8211; beschichtet<\/figcaption><\/figure>\n\n\n\n<figure class=\"wp-block-image size-large\"><img loading=\"lazy\" decoding=\"async\" width=\"956\" height=\"538\" data-id=\"36\" src=\"https:\/\/galvanotecnica-alghisi.com\/wp-content\/uploads\/2025\/04\/Argento-vecchio-zapponato-2.jpg\" alt=\"\" class=\"wp-image-36\" srcset=\"https:\/\/galvanotecnica-alghisi.com\/wp-content\/uploads\/2025\/04\/Argento-vecchio-zapponato-2.jpg 956w, https:\/\/galvanotecnica-alghisi.com\/wp-content\/uploads\/2025\/04\/Argento-vecchio-zapponato-2-300x169.jpg 300w, https:\/\/galvanotecnica-alghisi.com\/wp-content\/uploads\/2025\/04\/Argento-vecchio-zapponato-2-768x432.jpg 768w\" sizes=\"auto, (max-width: 956px) 100vw, 956px\" \/><figcaption class=\"wp-element-caption\">Altsilber &#8211; beschichtet 2<\/figcaption><\/figure>\n\n\n\n<figure class=\"wp-block-image size-large\"><img loading=\"lazy\" decoding=\"async\" width=\"956\" height=\"538\" data-id=\"37\" src=\"https:\/\/galvanotecnica-alghisi.com\/wp-content\/uploads\/2025\/04\/Argento-vecchio-zapponato-3.jpg\" alt=\"\" class=\"wp-image-37\" srcset=\"https:\/\/galvanotecnica-alghisi.com\/wp-content\/uploads\/2025\/04\/Argento-vecchio-zapponato-3.jpg 956w, https:\/\/galvanotecnica-alghisi.com\/wp-content\/uploads\/2025\/04\/Argento-vecchio-zapponato-3-300x169.jpg 300w, https:\/\/galvanotecnica-alghisi.com\/wp-content\/uploads\/2025\/04\/Argento-vecchio-zapponato-3-768x432.jpg 768w\" sizes=\"auto, (max-width: 956px) 100vw, 956px\" \/><figcaption class=\"wp-element-caption\">Altsilber &#8211; beschichtet 3<\/figcaption><\/figure>\n\n\n\n<figure class=\"wp-block-image size-large\"><img loading=\"lazy\" decoding=\"async\" width=\"956\" height=\"538\" data-id=\"38\" src=\"https:\/\/galvanotecnica-alghisi.com\/wp-content\/uploads\/2025\/04\/Argento-vecchio-zapponato-4.jpg\" alt=\"\" class=\"wp-image-38\" srcset=\"https:\/\/galvanotecnica-alghisi.com\/wp-content\/uploads\/2025\/04\/Argento-vecchio-zapponato-4.jpg 956w, https:\/\/galvanotecnica-alghisi.com\/wp-content\/uploads\/2025\/04\/Argento-vecchio-zapponato-4-300x169.jpg 300w, https:\/\/galvanotecnica-alghisi.com\/wp-content\/uploads\/2025\/04\/Argento-vecchio-zapponato-4-768x432.jpg 768w\" sizes=\"auto, (max-width: 956px) 100vw, 956px\" \/><figcaption class=\"wp-element-caption\">Altsilber &#8211; beschichtet 4<\/figcaption><\/figure>\n\n\n\n<figure class=\"wp-block-image size-large\"><img loading=\"lazy\" decoding=\"async\" width=\"956\" height=\"538\" data-id=\"39\" src=\"https:\/\/galvanotecnica-alghisi.com\/wp-content\/uploads\/2025\/04\/Argento-vecchio-zapponato-5.jpg\" alt=\"\" class=\"wp-image-39\" srcset=\"https:\/\/galvanotecnica-alghisi.com\/wp-content\/uploads\/2025\/04\/Argento-vecchio-zapponato-5.jpg 956w, https:\/\/galvanotecnica-alghisi.com\/wp-content\/uploads\/2025\/04\/Argento-vecchio-zapponato-5-300x169.jpg 300w, https:\/\/galvanotecnica-alghisi.com\/wp-content\/uploads\/2025\/04\/Argento-vecchio-zapponato-5-768x432.jpg 768w\" sizes=\"auto, (max-width: 956px) 100vw, 956px\" \/><figcaption class=\"wp-element-caption\">Altsilber &#8211; beschichtet 4<\/figcaption><\/figure>\n\n\n\n<figure class=\"wp-block-image size-large\"><img loading=\"lazy\" decoding=\"async\" width=\"956\" height=\"538\" data-id=\"41\" src=\"https:\/\/galvanotecnica-alghisi.com\/wp-content\/uploads\/2025\/04\/Ottone-vecchio-zapponato.jpg\" alt=\"\" class=\"wp-image-41\" srcset=\"https:\/\/galvanotecnica-alghisi.com\/wp-content\/uploads\/2025\/04\/Ottone-vecchio-zapponato.jpg 956w, https:\/\/galvanotecnica-alghisi.com\/wp-content\/uploads\/2025\/04\/Ottone-vecchio-zapponato-300x169.jpg 300w, https:\/\/galvanotecnica-alghisi.com\/wp-content\/uploads\/2025\/04\/Ottone-vecchio-zapponato-768x432.jpg 768w\" sizes=\"auto, (max-width: 956px) 100vw, 956px\" \/><figcaption class=\"wp-element-caption\">Altmessing &#8211; beschichtet<\/figcaption><\/figure>\n\n\n\n<figure class=\"wp-block-image size-large\"><img loading=\"lazy\" decoding=\"async\" width=\"956\" height=\"538\" data-id=\"42\" src=\"https:\/\/galvanotecnica-alghisi.com\/wp-content\/uploads\/2025\/04\/Ottone-vecchio-zapponato-2.jpg\" alt=\"\" class=\"wp-image-42\" srcset=\"https:\/\/galvanotecnica-alghisi.com\/wp-content\/uploads\/2025\/04\/Ottone-vecchio-zapponato-2.jpg 956w, https:\/\/galvanotecnica-alghisi.com\/wp-content\/uploads\/2025\/04\/Ottone-vecchio-zapponato-2-300x169.jpg 300w, https:\/\/galvanotecnica-alghisi.com\/wp-content\/uploads\/2025\/04\/Ottone-vecchio-zapponato-2-768x432.jpg 768w\" sizes=\"auto, (max-width: 956px) 100vw, 956px\" \/><figcaption class=\"wp-element-caption\">Altmessing &#8211; beschichtet 2<\/figcaption><\/figure>\n\n\n\n<figure class=\"wp-block-image size-large\"><img loading=\"lazy\" decoding=\"async\" width=\"956\" height=\"538\" data-id=\"43\" src=\"https:\/\/galvanotecnica-alghisi.com\/wp-content\/uploads\/2025\/04\/Ottone-vecchio-zapponato-3.jpg\" alt=\"\" class=\"wp-image-43\" srcset=\"https:\/\/galvanotecnica-alghisi.com\/wp-content\/uploads\/2025\/04\/Ottone-vecchio-zapponato-3.jpg 956w, https:\/\/galvanotecnica-alghisi.com\/wp-content\/uploads\/2025\/04\/Ottone-vecchio-zapponato-3-300x169.jpg 300w, https:\/\/galvanotecnica-alghisi.com\/wp-content\/uploads\/2025\/04\/Ottone-vecchio-zapponato-3-768x432.jpg 768w\" sizes=\"auto, (max-width: 956px) 100vw, 956px\" \/><figcaption class=\"wp-element-caption\">Altmessing &#8211; beschichtet 3<\/figcaption><\/figure>\n\n\n\n<figure class=\"wp-block-image size-large\"><img loading=\"lazy\" decoding=\"async\" width=\"956\" height=\"538\" data-id=\"44\" src=\"https:\/\/galvanotecnica-alghisi.com\/wp-content\/uploads\/2025\/04\/Ottone-vecchio-zapponato-4.jpg\" alt=\"\" class=\"wp-image-44\" srcset=\"https:\/\/galvanotecnica-alghisi.com\/wp-content\/uploads\/2025\/04\/Ottone-vecchio-zapponato-4.jpg 956w, https:\/\/galvanotecnica-alghisi.com\/wp-content\/uploads\/2025\/04\/Ottone-vecchio-zapponato-4-300x169.jpg 300w, https:\/\/galvanotecnica-alghisi.com\/wp-content\/uploads\/2025\/04\/Ottone-vecchio-zapponato-4-768x432.jpg 768w\" sizes=\"auto, (max-width: 956px) 100vw, 956px\" \/><figcaption class=\"wp-element-caption\">Altmessing &#8211; beschichtet 4<\/figcaption><\/figure>\n\n\n\n<figure class=\"wp-block-image size-large\"><img loading=\"lazy\" decoding=\"async\" width=\"956\" height=\"538\" data-id=\"45\" src=\"https:\/\/galvanotecnica-alghisi.com\/wp-content\/uploads\/2025\/04\/Ottone-vecchio-zapponato-5.jpg\" alt=\"\" class=\"wp-image-45\" srcset=\"https:\/\/galvanotecnica-alghisi.com\/wp-content\/uploads\/2025\/04\/Ottone-vecchio-zapponato-5.jpg 956w, https:\/\/galvanotecnica-alghisi.com\/wp-content\/uploads\/2025\/04\/Ottone-vecchio-zapponato-5-300x169.jpg 300w, https:\/\/galvanotecnica-alghisi.com\/wp-content\/uploads\/2025\/04\/Ottone-vecchio-zapponato-5-768x432.jpg 768w\" sizes=\"auto, (max-width: 956px) 100vw, 956px\" \/><figcaption class=\"wp-element-caption\">Altmessing &#8211; beschichtet 5<\/figcaption><\/figure>\n\n\n\n<figure class=\"wp-block-image size-large\"><img loading=\"lazy\" decoding=\"async\" width=\"956\" height=\"538\" data-id=\"46\" src=\"https:\/\/galvanotecnica-alghisi.com\/wp-content\/uploads\/2025\/04\/Ottone-vecchio-zapponato-6.jpg\" alt=\"\" class=\"wp-image-46\" srcset=\"https:\/\/galvanotecnica-alghisi.com\/wp-content\/uploads\/2025\/04\/Ottone-vecchio-zapponato-6.jpg 956w, https:\/\/galvanotecnica-alghisi.com\/wp-content\/uploads\/2025\/04\/Ottone-vecchio-zapponato-6-300x169.jpg 300w, https:\/\/galvanotecnica-alghisi.com\/wp-content\/uploads\/2025\/04\/Ottone-vecchio-zapponato-6-768x432.jpg 768w\" sizes=\"auto, (max-width: 956px) 100vw, 956px\" \/><figcaption class=\"wp-element-caption\">Altmessing &#8211; beschichtet 6<\/figcaption><\/figure>\n\n\n\n<figure class=\"wp-block-image size-large\"><img loading=\"lazy\" decoding=\"async\" width=\"956\" height=\"538\" data-id=\"47\" src=\"https:\/\/galvanotecnica-alghisi.com\/wp-content\/uploads\/2025\/04\/Ottone-vecchio-zapponato-7.jpg\" alt=\"\" class=\"wp-image-47\" srcset=\"https:\/\/galvanotecnica-alghisi.com\/wp-content\/uploads\/2025\/04\/Ottone-vecchio-zapponato-7.jpg 956w, https:\/\/galvanotecnica-alghisi.com\/wp-content\/uploads\/2025\/04\/Ottone-vecchio-zapponato-7-300x169.jpg 300w, https:\/\/galvanotecnica-alghisi.com\/wp-content\/uploads\/2025\/04\/Ottone-vecchio-zapponato-7-768x432.jpg 768w\" sizes=\"auto, (max-width: 956px) 100vw, 956px\" \/><figcaption class=\"wp-element-caption\">Altmessing &#8211; beschichtet 7<\/figcaption><\/figure>\n\n\n\n<figure class=\"wp-block-image size-large\"><img loading=\"lazy\" decoding=\"async\" width=\"956\" height=\"538\" data-id=\"40\" src=\"https:\/\/galvanotecnica-alghisi.com\/wp-content\/uploads\/2025\/04\/Ottone-vecchio-a-spessore-per-satinatura.jpg\" alt=\"\" class=\"wp-image-40\" srcset=\"https:\/\/galvanotecnica-alghisi.com\/wp-content\/uploads\/2025\/04\/Ottone-vecchio-a-spessore-per-satinatura.jpg 956w, https:\/\/galvanotecnica-alghisi.com\/wp-content\/uploads\/2025\/04\/Ottone-vecchio-a-spessore-per-satinatura-300x169.jpg 300w, https:\/\/galvanotecnica-alghisi.com\/wp-content\/uploads\/2025\/04\/Ottone-vecchio-a-spessore-per-satinatura-768x432.jpg 768w\" sizes=\"auto, (max-width: 956px) 100vw, 956px\" \/><figcaption class=\"wp-element-caption\">Altmessing dick f\u00fcr satinierte Oberfl\u00e4che<\/figcaption><\/figure>\n\n\n\n<figure class=\"wp-block-image size-large\"><img loading=\"lazy\" decoding=\"async\" width=\"956\" height=\"538\" data-id=\"49\" src=\"https:\/\/galvanotecnica-alghisi.com\/wp-content\/uploads\/2025\/04\/Zama-nera-satinata.jpg\" alt=\"\" class=\"wp-image-49\" srcset=\"https:\/\/galvanotecnica-alghisi.com\/wp-content\/uploads\/2025\/04\/Zama-nera-satinata.jpg 956w, https:\/\/galvanotecnica-alghisi.com\/wp-content\/uploads\/2025\/04\/Zama-nera-satinata-300x169.jpg 300w, https:\/\/galvanotecnica-alghisi.com\/wp-content\/uploads\/2025\/04\/Zama-nera-satinata-768x432.jpg 768w\" sizes=\"auto, (max-width: 956px) 100vw, 956px\" \/><figcaption class=\"wp-element-caption\">Schwarz Zamak &#8211; satiniert<\/figcaption><\/figure>\n\n\n\n<figure class=\"wp-block-image size-large\"><img loading=\"lazy\" decoding=\"async\" width=\"956\" height=\"538\" data-id=\"48\" src=\"https:\/\/galvanotecnica-alghisi.com\/wp-content\/uploads\/2025\/04\/Rame-vivo.jpg\" alt=\"\" class=\"wp-image-48\" srcset=\"https:\/\/galvanotecnica-alghisi.com\/wp-content\/uploads\/2025\/04\/Rame-vivo.jpg 956w, https:\/\/galvanotecnica-alghisi.com\/wp-content\/uploads\/2025\/04\/Rame-vivo-300x169.jpg 300w, https:\/\/galvanotecnica-alghisi.com\/wp-content\/uploads\/2025\/04\/Rame-vivo-768x432.jpg 768w\" sizes=\"auto, (max-width: 956px) 100vw, 956px\" \/><figcaption class=\"wp-element-caption\">Rohes Kupfer<\/figcaption><\/figure>\n\n\n\n<figure class=\"wp-block-image size-large\"><img loading=\"lazy\" decoding=\"async\" width=\"956\" height=\"538\" data-id=\"51\" src=\"https:\/\/galvanotecnica-alghisi.com\/wp-content\/uploads\/2025\/04\/zama-nera-sfumata-zapponata.jpg\" alt=\"\" class=\"wp-image-51\" srcset=\"https:\/\/galvanotecnica-alghisi.com\/wp-content\/uploads\/2025\/04\/zama-nera-sfumata-zapponata.jpg 956w, https:\/\/galvanotecnica-alghisi.com\/wp-content\/uploads\/2025\/04\/zama-nera-sfumata-zapponata-300x169.jpg 300w, https:\/\/galvanotecnica-alghisi.com\/wp-content\/uploads\/2025\/04\/zama-nera-sfumata-zapponata-768x432.jpg 768w\" sizes=\"auto, (max-width: 956px) 100vw, 956px\" \/><figcaption class=\"wp-element-caption\">Schwarz Zamak schattiert &#8211; beschichtet<\/figcaption><\/figure>\n\n\n<div class=\"wp-block-image\">\n<figure class=\"aligncenter size-large\"><img loading=\"lazy\" decoding=\"async\" width=\"956\" height=\"538\" data-id=\"50\" src=\"https:\/\/galvanotecnica-alghisi.com\/wp-content\/uploads\/2025\/04\/Zama-nera-satinata-altro-modello.jpg\" alt=\"\" class=\"wp-image-50\" srcset=\"https:\/\/galvanotecnica-alghisi.com\/wp-content\/uploads\/2025\/04\/Zama-nera-satinata-altro-modello.jpg 956w, https:\/\/galvanotecnica-alghisi.com\/wp-content\/uploads\/2025\/04\/Zama-nera-satinata-altro-modello-300x169.jpg 300w, https:\/\/galvanotecnica-alghisi.com\/wp-content\/uploads\/2025\/04\/Zama-nera-satinata-altro-modello-768x432.jpg 768w\" sizes=\"auto, (max-width: 956px) 100vw, 956px\" \/><figcaption class=\"wp-element-caption\">Schwarz Zamak &#8211; satiniert<\/figcaption><\/figure>\n<\/div><\/figure>\n\n<p><\/p>\n","protected":false},"excerpt":{"rendered":"<p>Unsere galvanischen Behandlungen Galvanotecnica Alghisi s.a.s. f\u00fchrt galvanische Behandlungen und T\u00f6ne nach Ma\u00df durch. Wir stehen Ihnen f\u00fcr Tests an Musterst\u00fccken zur Verf\u00fcgung. Um die besten Ergebnisse zu erzielen, sollte die empfohlene Menge f\u00fcr jeden Eimer 15 kg betragen.Wir empfehlen unseren Kunden, unseren Firmensitz zu besuchen, um die tats\u00e4chlichen T\u00f6ne unserer galvanischen Behandlungen zu sehen.&hellip;&nbsp;<a href=\"https:\/\/galvanotecnica-alghisi.com\/index.php\/unsere-produkte\/?lang=de\" rel=\"bookmark\">Leggi tutto &raquo;<span class=\"screen-reader-text\">Produkte<\/span><\/a><\/p>\n","protected":false},"author":1,"featured_media":0,"parent":0,"menu_order":0,"comment_status":"closed","ping_status":"closed","template":"page-templates\/template-pagebuilder-full-width.php","meta":{"neve_meta_sidebar":"","neve_meta_container":"","neve_meta_enable_content_width":"","neve_meta_content_width":0,"neve_meta_title_alignment":"","neve_meta_author_avatar":"","neve_post_elements_order":"","neve_meta_disable_header":"","neve_meta_disable_footer":"","neve_meta_disable_title":"","_themeisle_gutenberg_block_has_review":false,"footnotes":""},"class_list":["post-727","page","type-page","status-publish","hentry"],"_links":{"self":[{"href":"https:\/\/galvanotecnica-alghisi.com\/index.php\/wp-json\/wp\/v2\/pages\/727","targetHints":{"allow":["GET"]}}],"collection":[{"href":"https:\/\/galvanotecnica-alghisi.com\/index.php\/wp-json\/wp\/v2\/pages"}],"about":[{"href":"https:\/\/galvanotecnica-alghisi.com\/index.php\/wp-json\/wp\/v2\/types\/page"}],"author":[{"embeddable":true,"href":"https:\/\/galvanotecnica-alghisi.com\/index.php\/wp-json\/wp\/v2\/users\/1"}],"replies":[{"embeddable":true,"href":"https:\/\/galvanotecnica-alghisi.com\/index.php\/wp-json\/wp\/v2\/comments?post=727"}],"version-history":[{"count":2,"href":"https:\/\/galvanotecnica-alghisi.com\/index.php\/wp-json\/wp\/v2\/pages\/727\/revisions"}],"predecessor-version":[{"id":738,"href":"https:\/\/galvanotecnica-alghisi.com\/index.php\/wp-json\/wp\/v2\/pages\/727\/revisions\/738"}],"wp:attachment":[{"href":"https:\/\/galvanotecnica-alghisi.com\/index.php\/wp-json\/wp\/v2\/media?parent=727"}],"curies":[{"name":"wp","href":"https:\/\/api.w.org\/{rel}","templated":true}]}}