{"id":721,"date":"2025-04-24T16:22:40","date_gmt":"2025-04-24T14:22:40","guid":{"rendered":"https:\/\/galvanotecnica-alghisi.com\/index.php\/anmelden\/"},"modified":"2025-06-09T16:55:22","modified_gmt":"2025-06-09T14:55:22","slug":"anmelden","status":"publish","type":"page","link":"https:\/\/galvanotecnica-alghisi.com\/index.php\/anmelden\/?lang=de","title":{"rendered":"Anmelden"},"content":{"rendered":"\n<h3 class=\"wp-block-heading\">Kontakt-Formular<\/h3>\n\n<p>M\u00f6chten Sie sich mit uns in Verbindung setzen, um weitere Informationen \u00fcber unsere Produkte und<br\/>Dienstleistungen zu erhalten oder um ein Angebot anzufordern? F\u00fcllen Sie das nachstehende Formular aus und wir werden Ihnen so schnell wie m\u00f6glich antworten.<\/p>\n\n<p>Die mit * gekennzeichneten Felder sind Pflichtfelder.<\/p>\n\n<div class=\"wpcf7 no-js\" id=\"wpcf7-f557-o1\" lang=\"it-IT\" dir=\"ltr\" data-wpcf7-id=\"557\">\n<div class=\"screen-reader-response\"><p role=\"status\" aria-live=\"polite\" aria-atomic=\"true\"><\/p> <ul><\/ul><\/div>\n<form action=\"\/index.php\/wp-json\/wp\/v2\/pages\/721#wpcf7-f557-o1\" method=\"post\" class=\"wpcf7-form init\" aria-label=\"Modulo di contatto\" novalidate=\"novalidate\" data-status=\"init\">\n<div style=\"display: none;\">\n<input type=\"hidden\" name=\"_wpcf7\" value=\"557\" \/>\n<input type=\"hidden\" name=\"_wpcf7_version\" value=\"6.0.6\" \/>\n<input type=\"hidden\" name=\"_wpcf7_locale\" value=\"it_IT\" \/>\n<input type=\"hidden\" name=\"_wpcf7_unit_tag\" value=\"wpcf7-f557-o1\" \/>\n<input type=\"hidden\" name=\"_wpcf7_container_post\" value=\"0\" \/>\n<input type=\"hidden\" name=\"_wpcf7_posted_data_hash\" value=\"\" \/>\n<\/div>\n<p><label> Il tuo nome<br \/>\n<span class=\"wpcf7-form-control-wrap\" data-name=\"your-name\"><input size=\"40\" maxlength=\"400\" class=\"wpcf7-form-control wpcf7-text wpcf7-validates-as-required\" autocomplete=\"name\" aria-required=\"true\" aria-invalid=\"false\" value=\"\" type=\"text\" name=\"your-name\" \/><\/span> <\/label>\n<\/p>\n<p><label> La tua email<br \/>\n<span class=\"wpcf7-form-control-wrap\" data-name=\"your-email\"><input size=\"40\" maxlength=\"400\" class=\"wpcf7-form-control wpcf7-email wpcf7-validates-as-required wpcf7-text wpcf7-validates-as-email\" autocomplete=\"email\" aria-required=\"true\" aria-invalid=\"false\" value=\"\" type=\"email\" name=\"your-email\" \/><\/span> <\/label>\n<\/p>\n<p><label> Oggetto<br \/>\n<span class=\"wpcf7-form-control-wrap\" data-name=\"your-subject\"><input size=\"40\" maxlength=\"400\" class=\"wpcf7-form-control wpcf7-text wpcf7-validates-as-required\" aria-required=\"true\" aria-invalid=\"false\" value=\"\" type=\"text\" name=\"your-subject\" \/><\/span> <\/label>\n<\/p>\n<p><label> Il tuo messaggio<br \/>\n<span class=\"wpcf7-form-control-wrap\" data-name=\"your-message\"><textarea cols=\"40\" rows=\"10\" maxlength=\"2000\" class=\"wpcf7-form-control wpcf7-textarea\" aria-invalid=\"false\" name=\"your-message\"><\/textarea><\/span> <\/label>\n<\/p>\n<p><span class=\"wpcf7-form-control-wrap\" data-name=\"acceptance-81\"><span class=\"wpcf7-form-control wpcf7-acceptance\"><span class=\"wpcf7-list-item\"><label><input type=\"checkbox\" name=\"acceptance-81\" value=\"1\" aria-invalid=\"false\" \/><span class=\"wpcf7-list-item-label\">Ho letto <a href=\"https:\/\/galvanotecnica-alghisi.com\/index.php\/privacy-policy\/\">l'informativa sulla privacy<\/a> e acconsento al trattamento dei miei dati, secondo quanto stabilito dal Regolamento Europeo per la protezione dei dati personali n. 679\/2016 (GDPR), al fine di ricevere informazioni sui servizi di www.galvanotecnica-alghisi.it<\/span><\/label><\/span><\/span><\/span>\n<\/p>\n<p><input class=\"wpcf7-form-control wpcf7-submit has-spinner\" type=\"submit\" value=\"Invia\" \/>\n<\/p><div class=\"wpcf7-response-output\" aria-hidden=\"true\"><\/div>\n<\/form>\n<\/div>\n\n\n<p><strong>Galvanotecnica Alghisi s.a.s.<\/strong><br\/>Hochwertige galvanische Behandlungen seit 1978<\/p>\n\n<p>Via Fantone, 3 \u2013 25031, Capriolo (BS), Italien<br\/>MwSt.-Nummer: 03171920980<br\/>Tel. und Fax: +39 030736048<\/p>\n","protected":false},"excerpt":{"rendered":"<p>Kontakt-Formular M\u00f6chten Sie sich mit uns in Verbindung setzen, um weitere Informationen \u00fcber unsere Produkte undDienstleistungen zu erhalten oder um ein Angebot anzufordern? F\u00fcllen Sie das nachstehende Formular aus und wir werden Ihnen so schnell wie m\u00f6glich antworten. Die mit * gekennzeichneten Felder sind Pflichtfelder. Galvanotecnica Alghisi s.a.s.Hochwertige galvanische Behandlungen seit 1978 Via Fantone, 3&hellip;&nbsp;<a href=\"https:\/\/galvanotecnica-alghisi.com\/index.php\/anmelden\/?lang=de\" rel=\"bookmark\">Leggi tutto &raquo;<span class=\"screen-reader-text\">Anmelden<\/span><\/a><\/p>\n","protected":false},"author":1,"featured_media":0,"parent":0,"menu_order":0,"comment_status":"closed","ping_status":"closed","template":"page-templates\/template-pagebuilder-full-width.php","meta":{"neve_meta_sidebar":"","neve_meta_container":"","neve_meta_enable_content_width":"","neve_meta_content_width":0,"neve_meta_title_alignment":"","neve_meta_author_avatar":"","neve_post_elements_order":"","neve_meta_disable_header":"","neve_meta_disable_footer":"","neve_meta_disable_title":"","_themeisle_gutenberg_block_has_review":false,"footnotes":""},"class_list":["post-721","page","type-page","status-publish","hentry"],"_links":{"self":[{"href":"https:\/\/galvanotecnica-alghisi.com\/index.php\/wp-json\/wp\/v2\/pages\/721","targetHints":{"allow":["GET"]}}],"collection":[{"href":"https:\/\/galvanotecnica-alghisi.com\/index.php\/wp-json\/wp\/v2\/pages"}],"about":[{"href":"https:\/\/galvanotecnica-alghisi.com\/index.php\/wp-json\/wp\/v2\/types\/page"}],"author":[{"embeddable":true,"href":"https:\/\/galvanotecnica-alghisi.com\/index.php\/wp-json\/wp\/v2\/users\/1"}],"replies":[{"embeddable":true,"href":"https:\/\/galvanotecnica-alghisi.com\/index.php\/wp-json\/wp\/v2\/comments?post=721"}],"version-history":[{"count":1,"href":"https:\/\/galvanotecnica-alghisi.com\/index.php\/wp-json\/wp\/v2\/pages\/721\/revisions"}],"predecessor-version":[{"id":723,"href":"https:\/\/galvanotecnica-alghisi.com\/index.php\/wp-json\/wp\/v2\/pages\/721\/revisions\/723"}],"wp:attachment":[{"href":"https:\/\/galvanotecnica-alghisi.com\/index.php\/wp-json\/wp\/v2\/media?parent=721"}],"curies":[{"name":"wp","href":"https:\/\/api.w.org\/{rel}","templated":true}]}}