{"id":718,"date":"2025-04-24T15:24:42","date_gmt":"2025-04-24T13:24:42","guid":{"rendered":"https:\/\/galvanotecnica-alghisi.com\/index.php\/datenschutzpolitik-und-cookie-richtlinie\/"},"modified":"2025-06-09T19:02:01","modified_gmt":"2025-06-09T17:02:01","slug":"datenschutzpolitik-und-cookie-richtlinie","status":"publish","type":"page","link":"https:\/\/galvanotecnica-alghisi.com\/index.php\/datenschutzpolitik-und-cookie-richtlinie\/?lang=de","title":{"rendered":"Datenschutzpolitik"},"content":{"rendered":"\n<h2 class=\"wp-block-heading\"><strong>W\u00e4hrend der Navigation gesammelte technische Daten<\/strong><\/h2>\n\n<p>Die auf <a href=\"http:\/\/galvanotecnica-alghisi.com\/\">https:\/\/www.galvanotecnica-alghisi.com<\/a> gesammelten Daten sind notwendig, um das Funktionieren der Website zu gew\u00e4hrleisten und den Nutzern ein optimales Navigationserlebnis zu bieten. Dies ist durch die Erfassung einiger technischer Navigationsdaten m\u00f6glich. Diese Daten werden anonym gesammelt und in keinem Fall zur Identifizierung der Nutzer verwendet.  <\/p>\n\n<p>Hier ist eine Liste der wichtigsten gesammelten Informationen:<\/p>\n\n<ul class=\"wp-block-list\">\n<li>Zeitpunkt und Dauer der Besuche<\/li>\n\n\n\n<li>URI (Uniform Resource Identifier) der aufgerufenen Seiten<\/li>\n\n\n\n<li>Status-Codes (301, 404, 500 usw.), die die Antwort des Servers angeben<\/li>\n\n\n\n<li>Betriebssysteme und Umgebungen (Desktop, Tablet usw.), die von den Besuchern verwendet werden<\/li>\n<\/ul>\n\n<h3 class=\"wp-block-heading\"><strong>\u00dcbermittelte Daten und ihre Behandlung<\/strong><\/h3>\n\n<p><strong>Kontaktformulare und Newsletter<\/strong><\/p>\n\n<p class=\"has-text-align-left\">Einige Bereiche dieser Website, wie z. B. das <a href=\"http:\/\/www.galvanotecnica-alghisi.com\/contatti\">Kontaktformular<\/a>, erfordern die Angabe von Informationen wie Name, Telefonnummer und E-Mail-Adresse. Die \u00dcbermittlung dieser Daten durch den Nutzer hat zur Folge, dass sie von <a href=\"http:\/\/galvanotecnica-alghisi.com\/\">http:\/\/www.galvanotecnica-alghisi.com<\/a> erfasst werden, um die Anfragen zu erf\u00fcllen. Felder, die als \u201eerforderlich&#8221; gekennzeichnet sind, werden ben\u00f6tigt, um effektiv auf Nachrichten zu antworten. Die \u00dcbermittlung von Nachrichten und\/oder das Abonnement unseres Newsletters ist v\u00f6llig fakultativ, ausdr\u00fccklich und freiwillig; Dies schlie\u00dft die m\u00f6gliche \u00dcbermittlung sensibler pers\u00f6nlicher Daten im Text des Feldes \u201eNachricht&#8221; ein. Das Abonnement des Newsletters beinhaltet die Verarbeitung der E-Mail-Adressen der registrierten Benutzer durch Galvanotecnica Alghisi S.a.s. zum alleinigen Zweck der Verwaltung der Mailingliste. Die verarbeiteten Daten werden in keinem Fall an Dritte weitergegeben oder mit diesen geteilt.    <\/p>\n\n<h3 class=\"wp-block-heading\"><strong>Cookies<\/strong><\/h3>\n\n<p>Gem\u00e4\u00df der <a href=\"http:\/\/ec.europa.eu\/ipg\/basics\/legal\/cookies\/index_en.htm\"><strong>Richtlinie 2009\/136\/EG des Rates und des Europ\u00e4ischen Parlaments<\/strong><\/a> \u00fcber die Rechte der Nutzer von Online-Kommunikationsdiensten m\u00f6chten wir die Nutzer \u00fcber die Art und Verwendung von Cookies informieren.<\/p>\n\n<h4 class=\"wp-block-heading\"><strong>Arten von Cookies und Verarbeitung<\/strong><\/h4>\n\n<p>Es gibt verschiedene Arten von Cookies. Es gibt technische Cookies, die dazu dienen, Browsing-Pr\u00e4ferenzen zu verfolgen oder die Anzeige von Inhalten auf der Grundlage der technischen Spezifikationen des Betriebssystems und der Ger\u00e4te zu optimieren. Analytische Cookies hingegen werden verwendet, um Daten f\u00fcr statistische Zwecke zu ermitteln und zusammenzufassen. In diesem Zusammenhang verwendet http:\/\/www.galvanotecnica-alghisi.com analytische Cookies von Drittanbietern (z. B. Google Analytics), um aggregierte Daten \u00fcber die Navigation der Nutzer zu erhalten, die ausschlie\u00dflich dem Zweck dienen, die Leistung der Website zu analysieren. Die Daten werden anonym gesammelt und in jedem Fall dazu verwendet, die Identit\u00e4t des Nutzers zu ermitteln.    <\/p>\n\n<h4 class=\"wp-block-heading\"><strong>Deaktivieren von Cookies<\/strong><\/h4>\n\n<p>Um Cookies zu deaktivieren, k\u00f6nnen Sie in den Einstellungen Ihres Browsers festlegen, dass dieser die Installation von Cookies durch die von Ihnen besuchte Website nicht akzeptiert.<\/p>\n\n<p>Die Anweisungen zur Deaktivierung von Cookies k\u00f6nnen je nach Browser variieren. Detaillierte Anweisungen zur Verwaltung der Cookies finden Sie in den offiziellen Anleitungen der wichtigsten Browser: <\/p>\n\n<ul class=\"wp-block-list\">\n<li><a href=\"http:\/\/windows.microsoft.com\/it-it\/windows7\/block-enable-or-allow-cookies\"><strong>Internet Explorer<\/strong><\/a><\/li>\n\n\n\n<li><a href=\"https:\/\/support.google.com\/accounts\/answer\/61416?hl=it\"><strong>Google Chrome<\/strong><\/a><\/li>\n\n\n\n<li><a href=\"https:\/\/support.mozilla.org\/it\/kb\/Attivare%20e%20disattivare%20i%20cookie\"><strong>Mozilla Firefox<\/strong><\/a><\/li>\n\n\n\n<li><a href=\"https:\/\/support.apple.com\/it-it\/HT201265\"><strong>Safari<\/strong><\/a><\/li>\n\n\n\n<li><a href=\"http:\/\/help.opera.com\/Windows\/10.00\/it\/cookies.html\"><strong>Opera<\/strong><\/a><\/li>\n<\/ul>\n\n<p>Wir weisen jedoch darauf hin, dass solche Einschr\u00e4nkungen die Benutzerfreundlichkeit nicht nur von http:\/\/www.galvanotecnica-alghisi.com, sondern auch von vielen anderen Websites, die Sie besuchen, beeintr\u00e4chtigen k\u00f6nnten, da Cookies auf den meisten modernen Websites zum Standard geh\u00f6ren. <\/p>\n\n<h3 class=\"wp-block-heading\"><strong>Rechte der betroffenen Parteien<\/strong><\/h3>\n\n<p>Gem\u00e4\u00df Art. 7 des Gesetzesdekrets vom 30. Juni 2003, n\u00b0. 196 des italienischen Gesetzes hat der Benutzer das Recht, sich aus berechtigten Gr\u00fcnden der Behandlung ganz oder teilweise zu widersetzen und kann innerhalb der vom geltenden Gesetz festgelegten Grenzen Folgendes verlangen: Best\u00e4tigung des Vorhandenseins der pers\u00f6nlichen Daten, die ihn betreffen, und Kenntnis ihrer Herkunft; verst\u00e4ndliche Mitteilung; Informationen \u00fcber die Logik, die Modalit\u00e4ten und die Zwecke der Behandlung; Aktualisierung, Berichtigung, Erg\u00e4nzung, L\u00f6schung und Umwandlung in anonyme Form; Sperrung der Daten, die im Falle von Gesetzesverst\u00f6\u00dfen verarbeitet werden, einschlie\u00dflich der Daten, die f\u00fcr die Verfolgung der Zwecke, f\u00fcr die sie erhoben wurden, nicht mehr erforderlich sind; ganz allgemein kann der Benutzer auch alle Rechte aus\u00fcben, die ihm durch das geltende Gesetz zuerkannt werden, indem er seine Anfragen an: Galvanotecnica Alghisi Sas, Via Fantone, 3 &#8211; 25031, Capriolo (BS) Italien.   <\/p>\n\n<h3 class=\"wp-block-heading\"><strong>\u00c4nderungen<\/strong><\/h3>\n\n<p>Die vorliegenden Informationen k\u00f6nnen in regelm\u00e4\u00dfigen Abst\u00e4nden \u00fcberarbeitet und\/oder aktualisiert werden, um eventuellen sp\u00e4teren \u00c4nderungen, Erg\u00e4nzungen und\/oder Aktualisierungen der geltenden Vorschriften oder \u00c4nderungen der Bedingungen der auf der Website http:\/\/www.galvanotecnica-alghisi.com angebotenen Dienstleistungen Rechnung zu tragen. Die von Galvanotecnica Alghisi S.a.s. durchgef\u00fchrte Datenverarbeitung unterliegt der aktuellen Version dieser Informationen (siehe Datum am Ende der Seite). Der Zugang zu den Dienstleistungen und deren Nutzung nach dem Inkrafttreten dieser \u00c4nderungen setzt die Annahme der Bedingungen voraus, die in der neuen Version der vorliegenden Information enthalten sind.<\/p>\n\n<p>Die aktuelle Version des Datenschutzhinweises ist seit dem 24\/10\/2017 in Kraft.<\/p>\n\n<h3 class=\"wp-block-heading\"><strong>Inhaber der Behandlung<\/strong><\/h3>\n\n<p>Galvanotecnica Alghisi S.a.s.<br\/>Via Fantone, 3 \u2013 25031, Capriolo (BS) Italien<br\/>MwSt.-Nummer: 03171920980<br\/>Tel: +39 030736048<br\/>Email: info@galvanotecnica-alghisi.com<\/p>\n\n<p><\/p>\n","protected":false},"excerpt":{"rendered":"<p>W\u00e4hrend der Navigation gesammelte technische Daten Die auf https:\/\/www.galvanotecnica-alghisi.com gesammelten Daten sind notwendig, um das Funktionieren der Website zu gew\u00e4hrleisten und den Nutzern ein optimales Navigationserlebnis zu bieten. Dies ist durch die Erfassung einiger technischer Navigationsdaten m\u00f6glich. Diese Daten werden anonym gesammelt und in keinem Fall zur Identifizierung der Nutzer verwendet. Hier ist eine Liste&hellip;&nbsp;<a href=\"https:\/\/galvanotecnica-alghisi.com\/index.php\/datenschutzpolitik-und-cookie-richtlinie\/?lang=de\" rel=\"bookmark\">Leggi tutto &raquo;<span class=\"screen-reader-text\">Datenschutzpolitik<\/span><\/a><\/p>\n","protected":false},"author":1,"featured_media":0,"parent":0,"menu_order":0,"comment_status":"closed","ping_status":"open","template":"","meta":{"neve_meta_sidebar":"","neve_meta_container":"","neve_meta_enable_content_width":"","neve_meta_content_width":0,"neve_meta_title_alignment":"","neve_meta_author_avatar":"","neve_post_elements_order":"","neve_meta_disable_header":"","neve_meta_disable_footer":"","neve_meta_disable_title":"","_themeisle_gutenberg_block_has_review":false,"footnotes":""},"class_list":["post-718","page","type-page","status-publish","hentry"],"_links":{"self":[{"href":"https:\/\/galvanotecnica-alghisi.com\/index.php\/wp-json\/wp\/v2\/pages\/718","targetHints":{"allow":["GET"]}}],"collection":[{"href":"https:\/\/galvanotecnica-alghisi.com\/index.php\/wp-json\/wp\/v2\/pages"}],"about":[{"href":"https:\/\/galvanotecnica-alghisi.com\/index.php\/wp-json\/wp\/v2\/types\/page"}],"author":[{"embeddable":true,"href":"https:\/\/galvanotecnica-alghisi.com\/index.php\/wp-json\/wp\/v2\/users\/1"}],"replies":[{"embeddable":true,"href":"https:\/\/galvanotecnica-alghisi.com\/index.php\/wp-json\/wp\/v2\/comments?post=718"}],"version-history":[{"count":2,"href":"https:\/\/galvanotecnica-alghisi.com\/index.php\/wp-json\/wp\/v2\/pages\/718\/revisions"}],"predecessor-version":[{"id":737,"href":"https:\/\/galvanotecnica-alghisi.com\/index.php\/wp-json\/wp\/v2\/pages\/718\/revisions\/737"}],"wp:attachment":[{"href":"https:\/\/galvanotecnica-alghisi.com\/index.php\/wp-json\/wp\/v2\/media?parent=718"}],"curies":[{"name":"wp","href":"https:\/\/api.w.org\/{rel}","templated":true}]}}