{"id":715,"date":"2025-04-24T15:24:42","date_gmt":"2025-04-24T13:24:42","guid":{"rendered":"https:\/\/galvanotecnica-alghisi.com\/index.php\/startseite\/"},"modified":"2025-06-09T18:58:49","modified_gmt":"2025-06-09T16:58:49","slug":"startseite","status":"publish","type":"page","link":"https:\/\/galvanotecnica-alghisi.com\/index.php\/startseite\/?lang=de","title":{"rendered":"Startseite"},"content":{"rendered":"\n\n\n\n\n<div style=\"height:70px\" aria-hidden=\"true\" class=\"wp-block-spacer\"><\/div>\n\n\n\n<h2 class=\"wp-block-heading\">Das Unternehmen<\/h2>\n\n\n<div class=\"wp-block-image\">\n<figure class=\"alignleft size-large is-resized\" id=\"wp-block-themeisle-blocks-image-6411f393\"><img loading=\"lazy\" decoding=\"async\" width=\"1024\" height=\"768\" src=\"http:\/\/galvanotecnica-alghisi.com\/wp-content\/uploads\/2025\/04\/20170620_104027_resized-1024x768.jpg\" alt=\"\" class=\"wp-image-26\" style=\"width:301px;height:auto\" srcset=\"https:\/\/galvanotecnica-alghisi.com\/wp-content\/uploads\/2025\/04\/20170620_104027_resized-1024x768.jpg 1024w, https:\/\/galvanotecnica-alghisi.com\/wp-content\/uploads\/2025\/04\/20170620_104027_resized-300x225.jpg 300w, https:\/\/galvanotecnica-alghisi.com\/wp-content\/uploads\/2025\/04\/20170620_104027_resized-768x576.jpg 768w, https:\/\/galvanotecnica-alghisi.com\/wp-content\/uploads\/2025\/04\/20170620_104027_resized-1536x1152.jpg 1536w, https:\/\/galvanotecnica-alghisi.com\/wp-content\/uploads\/2025\/04\/20170620_104027_resized-2048x1536.jpg 2048w\" sizes=\"auto, (max-width: 1024px) 100vw, 1024px\" \/><figcaption class=\"wp-element-caption\"><em>Unser ehemaliger Hauptsitz.<\/em><\/figcaption><\/figure>\n<\/div>\n\n\n<p>Seit 1978 hat Galvanotecnica Alghisi s.a.s. eine gro\u00dfe Erfahrung im Bereich der galvanischen Behandlungen durch Trommelgalvanisierung gesammelt. Seit Generationen in der Familie Alghisi weitergegeben, ist unser Unternehmen heute f\u00fchrend im Bereich der Galvanotechnik. Im Laufe der Jahre haben wir unser Know-how verbessert und sind seit 1999 auf <strong>Versilberung<\/strong>, <strong>Vermessingung<\/strong>, <strong>Verkupferungund<\/strong>, und <strong>Br\u00fcnierung <\/strong>spezialisiert.  <\/p>\n\n\n\n<p><\/p>\n\n\n\n<p><\/p>\n\n\n\n<h3 class=\"wp-block-heading\">Arten von galvanischen Behandlungen und Arbeitsverfahren<\/h3>\n\n\n\n<p>Alle unsere galvanischen Behandlungen k\u00f6nnen auf verschiedenen Materialien wie Zamak, Kupfer, Zinn, Eisen und Messing durchgef\u00fchrt werden. Diese Behandlungen sind f\u00fcr viele verschiedene Sektoren bestimmt. Diese reichen von der Modeindustrie (Schnallen, Kn\u00f6pfe, Nieten, G\u00fcrtel, Taschen, Lederwaren und Schuhe) bis hin zu technischen Artikeln, Einrichtungszubeh\u00f6r und Gadgets wie Schl\u00fcsselanh\u00e4ngern, Anstecknadeln usw.<\/p>\n\n\n\n<div style=\"height:30px\" aria-hidden=\"true\" class=\"wp-block-spacer\"><\/div>\n\n\n<div class=\"wp-block-image\">\n<figure class=\"alignleft size-full is-resized\" id=\"wp-block-themeisle-blocks-image-111f5e7d\"><img loading=\"lazy\" decoding=\"async\" width=\"1200\" height=\"803\" src=\"https:\/\/galvanotecnica-alghisi.com\/wp-content\/uploads\/2025\/04\/2FB0465.jpg\" alt=\"\" class=\"wp-image-520\" style=\"width:266px;height:auto\" srcset=\"https:\/\/galvanotecnica-alghisi.com\/wp-content\/uploads\/2025\/04\/2FB0465.jpg 1200w, https:\/\/galvanotecnica-alghisi.com\/wp-content\/uploads\/2025\/04\/2FB0465-300x201.jpg 300w, https:\/\/galvanotecnica-alghisi.com\/wp-content\/uploads\/2025\/04\/2FB0465-1024x685.jpg 1024w, https:\/\/galvanotecnica-alghisi.com\/wp-content\/uploads\/2025\/04\/2FB0465-768x514.jpg 768w\" sizes=\"auto, (max-width: 1200px) 100vw, 1200px\" \/><figcaption class=\"wp-element-caption\"><em>Die neue, erweiterte Anlage in der Via Fantone, Capriolo (BS), Italien.<\/em><\/figcaption><\/figure>\n<\/div>\n\n\n<p>Gegenw\u00e4rtig verf\u00fcgt das Unternehmen \u00fcber eine Struktur von mehr als 2000 Quadratmetern, die in drei Abteilungen unterteilt ist, in denen drei unabh\u00e4ngige Galvanikanlagen mit Maschinen, die f\u00fcr die Behandlung von Metallteilen mit einem Durchmesser von bis zu 0,7 mm geeignet sind, in Betrieb sind. Die galvanischen Anlagen werden von einer weiteren Abteilung flankiert, die auf die Verfahren Schattieren, Bersten und Gl\u00e4nzen spezialisiert ist, sowie von einem Zentrum f\u00fcr Rotationsbeschichtung. F\u00fcr jede Art der galvanischen Behandlung steht eine eigene Zentrifuge zur Verf\u00fcgung.  <\/p>\n\n\n\n<p>Im Jahr 2014 hat das Unternehmen weitere Investitionen in Maschinen und Software der neuesten Generation get\u00e4tigt, um seinen Kunden das beste Preis-Leistungs-Verh\u00e4ltnis zu bieten.<\/p>\n\n\n\n<p>Dank der qualifizierten und spezialisierten Mitarbeiter, die seit mehr als 15 Jahren mit uns zusammenarbeiten, kann sich unser Unternehmen mit schnellen Antworten und kurzen Lieferzeiten r\u00fchmen. Diese werden unabh\u00e4ngig von der Menge auf einen Werktag nach Eingang der zu behandelnden Waren gesch\u00e4tzt. Diese Ergebnisse sind dank der st\u00e4ndigen Zusammenarbeit mit den f\u00fchrenden Speditions- und Kurierdienstleistern im In- und Ausland m\u00f6glich. <\/p>\n\n\n\n<p><\/p>\n","protected":false},"excerpt":{"rendered":"<p>Das Unternehmen Seit 1978 hat Galvanotecnica Alghisi s.a.s. eine gro\u00dfe Erfahrung im Bereich der galvanischen Behandlungen durch Trommelgalvanisierung gesammelt. Seit Generationen in der Familie Alghisi weitergegeben, ist unser Unternehmen heute f\u00fchrend im Bereich der Galvanotechnik. Im Laufe der Jahre haben wir unser Know-how verbessert und sind seit 1999 auf Versilberung, Vermessingung, Verkupferungund, und Br\u00fcnierung spezialisiert.&hellip;&nbsp;<a href=\"https:\/\/galvanotecnica-alghisi.com\/index.php\/startseite\/?lang=de\" rel=\"bookmark\">Leggi tutto &raquo;<span class=\"screen-reader-text\">Startseite<\/span><\/a><\/p>\n","protected":false},"author":1,"featured_media":0,"parent":0,"menu_order":0,"comment_status":"closed","ping_status":"closed","template":"page-templates\/template-pagebuilder-full-width.php","meta":{"neve_meta_sidebar":"","neve_meta_container":"","neve_meta_enable_content_width":"","neve_meta_content_width":0,"neve_meta_title_alignment":"","neve_meta_author_avatar":"","neve_post_elements_order":"","neve_meta_disable_header":"","neve_meta_disable_footer":"off","neve_meta_disable_title":"on","_themeisle_gutenberg_block_has_review":false,"footnotes":""},"class_list":["post-715","page","type-page","status-publish","hentry"],"_links":{"self":[{"href":"https:\/\/galvanotecnica-alghisi.com\/index.php\/wp-json\/wp\/v2\/pages\/715","targetHints":{"allow":["GET"]}}],"collection":[{"href":"https:\/\/galvanotecnica-alghisi.com\/index.php\/wp-json\/wp\/v2\/pages"}],"about":[{"href":"https:\/\/galvanotecnica-alghisi.com\/index.php\/wp-json\/wp\/v2\/types\/page"}],"author":[{"embeddable":true,"href":"https:\/\/galvanotecnica-alghisi.com\/index.php\/wp-json\/wp\/v2\/users\/1"}],"replies":[{"embeddable":true,"href":"https:\/\/galvanotecnica-alghisi.com\/index.php\/wp-json\/wp\/v2\/comments?post=715"}],"version-history":[{"count":7,"href":"https:\/\/galvanotecnica-alghisi.com\/index.php\/wp-json\/wp\/v2\/pages\/715\/revisions"}],"predecessor-version":[{"id":735,"href":"https:\/\/galvanotecnica-alghisi.com\/index.php\/wp-json\/wp\/v2\/pages\/715\/revisions\/735"}],"wp:attachment":[{"href":"https:\/\/galvanotecnica-alghisi.com\/index.php\/wp-json\/wp\/v2\/media?parent=715"}],"curies":[{"name":"wp","href":"https:\/\/api.w.org\/{rel}","templated":true}]}}