{"id":3,"date":"2025-04-24T15:24:42","date_gmt":"2025-04-24T13:24:42","guid":{"rendered":"http:\/\/galvanotecnica-alghisi.com\/?page_id=3"},"modified":"2025-04-24T16:16:11","modified_gmt":"2025-04-24T14:16:11","slug":"privacy-policy","status":"publish","type":"page","link":"https:\/\/galvanotecnica-alghisi.com\/index.php\/privacy-policy\/","title":{"rendered":"Privacy Policy"},"content":{"rendered":"\n<h2 class=\"wp-block-heading\"><strong>Dati tecnici raccolti durante la navigazione<\/strong><\/h2>\n\n\n\n<p>I dati raccolti su&nbsp;<a href=\"http:\/\/galvanotecnica-alghisi.com\/\">http:\/\/www.galvanotecnica-alghisi.com<\/a>&nbsp;servono a garantire ai visitatori che il sito funzioni in tutte le sue parti, offrendo la miglior esperienza di navigazione possibile. Nello specifico, questo \u00e8 possibile grazie alla raccolta di alcuni dati tecnici di navigazione. Precisiamo che tali dato vengono raccolti in forma anonima e non sono in alcun modo usati per identificare l\u2019utente.<\/p>\n\n\n\n<p>Segue una lista delle principali informazioni raccolte:<\/p>\n\n\n\n<ul class=\"wp-block-list\">\n<li>orario e durata delle visite<\/li>\n\n\n\n<li>URI (Uniform Resource Identifier) delle pagine richieste<\/li>\n\n\n\n<li>codici di stato (301, 404, 500, ecc.) che indicano la risposta del server<\/li>\n\n\n\n<li>sistemi operativi e ambienti (desktop, tablet, ecc.) usati dai visitatori<\/li>\n<\/ul>\n\n\n\n<h3 class=\"wp-block-heading\"><strong>Dati forniti e loro trattamento<\/strong><\/h3>\n\n\n\n<p><strong>Modulo contatti e newsletter<\/strong><\/p>\n\n\n\n<p class=\"has-text-align-left\">Alcune aree del sito, come il form dei&nbsp;<a href=\"http:\/\/www.galvanotecnica-alghisi.com\/contatti\">contatti<\/a>, richiedono l\u2019inserimento di alcune informazioni come nome, telefono e indirizzo e-mail. L\u2019invio di tali informazioni da parte dell\u2019utente comporta la loro successiva acquisizione da parte di&nbsp;<a href=\"http:\/\/galvanotecnica-alghisi.com\/\">http:\/\/www.galvanotecnica-alghisi.com<\/a>, necessaria per rispondere alle richieste. I campi obbligatori sono necessari per rispondere efficientemente ai messaggi.<br>La sottoscrizione del modulo contatti o l\u2019iscrizione alla newsletter avvengono in modo del tutto facoltativo, esplicito e volontario, compreso l\u2019eventuale invio di dati pershttp:\/\/accademialingue.it\/onali, anche sensibili, nel corpo del messaggio del modulo contatti. La sottoscrizione alla Newsletter comporta il trattamento, da parte di Galvanotecnica Alghisi S.a.s., di indirizzi e-mail degli utenti registrati al solo scopo di gestire la mailng list. I dati trattati non verranno in alcun modo e in nessun caso ceduti a, o condivisi con terze parti.<\/p>\n\n\n\n<h3 class=\"wp-block-heading\"><strong>Cookie<\/strong><\/h3>\n\n\n\n<p>In adempimento alla&nbsp;<a href=\"http:\/\/ec.europa.eu\/ipg\/basics\/legal\/cookies\/index_en.htm\"><strong>direttiva 2009\/136\/CE del Parlamento Europeo e del Consiglio<\/strong><\/a>&nbsp;relativa ai diritti degli utenti in materia di servizi di comunicazione elettronica, informiamo gli utenti in merito alla tipologia e uso dei cookie.<\/p>\n\n\n\n<h4 class=\"wp-block-heading\"><strong>Tipologie di cookie e modalit\u00e0 del loro trattamento<\/strong><\/h4>\n\n\n\n<p>Esistono pi\u00f9 tipi di cookie. Ci sono i cookie tecnici, che hanno lo scopo di tracciare le preferenze di navigazione, o ancora per ottimizzare la visualizzazione dei contenuti sulla base delle specifiche tecniche del sistema operativo e del dispositivo in uso. I cookie analitici, invece, sono quelli utilizzati per rilevare e aggregare dati a fini statistici. A questo proposito, http:\/\/www.galvanotecnica-alghisi.com fa uso di cookie analitici di terze parti, nella fattispecie Google Analytics, per rilevare dati aggregati sulla navigazione per il solo fine di analizzare le prestazioni del sito web. I dati vengono raccolti in forma del tutto anonima e in nessun caso sono utilizzati per risalire all\u2019identit\u00e0 dell\u2019utente.<\/p>\n\n\n\n<h4 class=\"wp-block-heading\"><strong>Disabilitare i cookie<\/strong><\/h4>\n\n\n\n<p>Disattivare i cookie \u00e8 possibile: basta configurare correttamente le impostazioni del browser di navigazione utilizzato in modo da impedire a quest\u2019ultimo di accettarne l\u2019installazione da parte del sito che si sta visitando.<\/p>\n\n\n\n<p>Le istruzioni per la disabilitazione dei cookie variano a seconda del browser .&nbsp;Per istruzioni dettagliate sulla loro gestione,&nbsp;riportiamo le guide ufficiali dei browser principali:<\/p>\n\n\n\n<ul class=\"wp-block-list\">\n<li><a href=\"http:\/\/windows.microsoft.com\/it-it\/windows7\/block-enable-or-allow-cookies\"><strong>Internet Explorer<\/strong><\/a><\/li>\n\n\n\n<li><a href=\"https:\/\/support.google.com\/accounts\/answer\/61416?hl=it\"><strong>Google Chrome<\/strong><\/a><\/li>\n\n\n\n<li><a href=\"https:\/\/support.mozilla.org\/it\/kb\/Attivare%20e%20disattivare%20i%20cookie\"><strong>Mozilla Firefox<\/strong><\/a><\/li>\n\n\n\n<li><a href=\"https:\/\/support.apple.com\/it-it\/HT201265\"><strong>Safari<\/strong><\/a><\/li>\n\n\n\n<li><a href=\"http:\/\/help.opera.com\/Windows\/10.00\/it\/cookies.html\"><strong>Opera<\/strong><\/a><\/li>\n<\/ul>\n\n\n\n<p>Sottolineiamo.&nbsp;tuttavia, che tali limitazioni potrebbero compromettere una&nbsp;corretta fruizione non solo di http:\/\/www.galvanotecnica-alghisi.com, ma anche&nbsp;di molti altri siti in generale, poich\u00e9&nbsp;i cookie sono uno standard integrato nella maggior parte dei siti web contemporanei.<\/p>\n\n\n\n<h3 class=\"wp-block-heading\"><strong>Diritti degli interessati<\/strong><\/h3>\n\n\n\n<p>Ai sensi dell\u2019art. 7 del D. Lgs. 30 giugno 2003, n. 196, l\u2019Interessato ha il diritto di opporsi, in tutto o in parte, per motivi legittimi, al trattamento e pu\u00f2, secondo le modalit\u00e0 e nei limiti previsti dalla vigente normativa, richiedere la conferma dell\u2019esistenza di dati personali che lo riguardano, e conoscerne l\u2019origine, riceverne comunicazione intelligibile, avere informazioni circa la logica, le modalit\u00e0 e le finalit\u00e0 del trattamento, richiederne l\u2019aggiornamento, la rettifica, l\u2019integrazione, richiedere la cancellazione, la trasformazione in forma anonima, il blocco dei dati trattati in violazione di legge, ivi compresi quelli non pi\u00f9 necessari al perseguimento degli scopi per i quali sono stati raccolti, nonch\u00e9, pi\u00f9 in generale, esercitare tutti i diritti che gli sono riconosciuti dalle vigenti disposizioni di legge, rivolgendo le proprie richieste a: Galvanotecnica Alghisi S.a.s., Via Fantone, 3 \u2013 25031, Capriolo (BS) Italia<\/p>\n\n\n\n<h3 class=\"wp-block-heading\"><strong>Modifiche<\/strong><\/h3>\n\n\n\n<p>La presente informativa pu\u00f2 essere soggetta a revisioni e\/o aggiornamenti periodici, in adempimento ad eventuali successive modifiche, integrazioni e\/o aggiornamenti delle normative attualmente in vigore, o in conseguenza a dei cambiamenti nelle condizioni dei servizi offerti sul sito http:\/\/www.galvanotecnica-alghisi.com. L\u2019utilizzo da parte di Galvanotecnica Alghisi S.a.s. delle informazioni degli utenti \u00e8 regolato dalla versione in vigore della presente informativa (cfr data in fondo alla pagina).<br>L\u2019accesso ai servizi, o il loro utilizzo da parte degli utenti, successivo all\u2019entrata in vigore di tali modifiche, implica l\u2019accettazione dei vincoli posti dalla nuova versione dell\u2019Informativa.<\/p>\n\n\n\n<p>L\u2019attuale versione della Privacy Policy \u00e8 in vigore dal 24\/04\/2025.<\/p>\n\n\n\n<h3 class=\"wp-block-heading\"><strong>Titolare del trattamento<\/strong><\/h3>\n\n\n\n<p>Galvanotecnica Alghisi S.a.s.<br>Via Fantone, 3 \u2013 25031, Capriolo (BS) Italia<br>P.IVA 03171920980<br>Tel: +39 030736048<br>Email: info@galvanotecnica-alghisi.com<\/p>\n\n\n\n<p><\/p>\n","protected":false},"excerpt":{"rendered":"<p>Dati tecnici raccolti durante la navigazione I dati raccolti su&nbsp;http:\/\/www.galvanotecnica-alghisi.com&nbsp;servono a garantire ai visitatori che il sito funzioni in tutte le sue parti, offrendo la miglior esperienza di navigazione possibile. Nello specifico, questo \u00e8 possibile grazie alla raccolta di alcuni dati tecnici di navigazione. Precisiamo che tali dato vengono raccolti in forma anonima e non&hellip;&nbsp;<a href=\"https:\/\/galvanotecnica-alghisi.com\/index.php\/privacy-policy\/\" rel=\"bookmark\">Leggi tutto &raquo;<span class=\"screen-reader-text\">Privacy Policy<\/span><\/a><\/p>\n","protected":false},"author":1,"featured_media":0,"parent":0,"menu_order":0,"comment_status":"closed","ping_status":"open","template":"","meta":{"neve_meta_sidebar":"","neve_meta_container":"","neve_meta_enable_content_width":"","neve_meta_content_width":0,"neve_meta_title_alignment":"","neve_meta_author_avatar":"","neve_post_elements_order":"","neve_meta_disable_header":"","neve_meta_disable_footer":"","neve_meta_disable_title":"","_themeisle_gutenberg_block_has_review":false,"footnotes":""},"class_list":["post-3","page","type-page","status-publish","hentry"],"_links":{"self":[{"href":"https:\/\/galvanotecnica-alghisi.com\/index.php\/wp-json\/wp\/v2\/pages\/3","targetHints":{"allow":["GET"]}}],"collection":[{"href":"https:\/\/galvanotecnica-alghisi.com\/index.php\/wp-json\/wp\/v2\/pages"}],"about":[{"href":"https:\/\/galvanotecnica-alghisi.com\/index.php\/wp-json\/wp\/v2\/types\/page"}],"author":[{"embeddable":true,"href":"https:\/\/galvanotecnica-alghisi.com\/index.php\/wp-json\/wp\/v2\/users\/1"}],"replies":[{"embeddable":true,"href":"https:\/\/galvanotecnica-alghisi.com\/index.php\/wp-json\/wp\/v2\/comments?post=3"}],"version-history":[{"count":1,"href":"https:\/\/galvanotecnica-alghisi.com\/index.php\/wp-json\/wp\/v2\/pages\/3\/revisions"}],"predecessor-version":[{"id":59,"href":"https:\/\/galvanotecnica-alghisi.com\/index.php\/wp-json\/wp\/v2\/pages\/3\/revisions\/59"}],"wp:attachment":[{"href":"https:\/\/galvanotecnica-alghisi.com\/index.php\/wp-json\/wp\/v2\/media?parent=3"}],"curies":[{"name":"wp","href":"https:\/\/api.w.org\/{rel}","templated":true}]}}